{"id":98,"date":"2014-02-11T04:01:25","date_gmt":"2014-02-11T04:01:25","guid":{"rendered":"https:\/\/jirehgospelchoir.com\/?page_id=98"},"modified":"2025-07-02T15:21:07","modified_gmt":"2025-07-02T20:21:07","slug":"commentaires","status":"publish","type":"page","link":"https:\/\/jirehgospelchoir.com\/fr\/commentaires\/","title":{"rendered":"Commentaires"},"content":{"rendered":"<p>\u00ab Il est tr\u00e8s rare que je reste jusqu&rsquo;\u00e0 la fin d&rsquo;un concert, mais la qualit\u00e9 du spectacle m&rsquo;a convaincu de regarder la deuxi\u00e8me partie! \u00bb<br \/>\n<strong><strong>\u2013<\/strong> Steven Lafortune, journaliste (TC Transcontinental), Victoriaville<\/strong><\/p>\n<hr \/>\n<p>\u00ab\u00a0C\u00e9tait pour moi un r\u00eave de diffuser et produire un show gospel. WOW j\u2019ai \u00e9t\u00e9 exauc\u00e9 &#8230;.what a show! Jamais j\u2019aurais cru voir plus de 772 personnes debout, danser et chanter aux Concerts Populaires de Montr\u00e9al, m\u00e9lomanes de musique classiques!!!! &#8230; Je suis certaine que c \u00e9tait une premi\u00e8re exp\u00e9rience pour la majorit\u00e9 de l&rsquo;assistance et what a exp\u00e9rience &#8230;&#8230;.merci merci ! Je suis fan \u00e0 vie de Jireh Gospel Choir !!!! \u00bb<br \/>\n<strong><strong>\u2013<\/strong> Sylvie Demers, directrice g\u00e9n\u00e9rale, Concerts Populaires de Montr\u00e9al<\/strong><\/p>\n<hr \/>\n<p>\u00ab Jireh Gospel Choir est formidable et communique une \u00e9nergie et un plaisir hors de l&rsquo;ordinaire ! \u00bb<br \/>\n<strong><strong>\u2013<\/strong> Laurent Patenaude, directeur g\u00e9n\u00e9ral, International des musiques sacr\u00e9es de Qu\u00e9bec<\/strong><\/p>\n<hr \/>\n<p>\u00ab Toute l\u2019\u00e9quipe \u00e9tait tr\u00e8s heureuse de recevoir la chorale, j\u2019ai re\u00e7u des commentaires \u00e9logieux de la part des animateurs, des musiciens et de l\u2019\u00e9quipe de production envers la chorale. Des gens dynamiques et inspirants, ils \u00e9taient vraiment beaux \u00e0 voir. \u00bb<br \/>\n<strong><strong>\u2013<\/strong> Fanny St-Amand, chef recherchiste, <\/strong>l&rsquo;\u00e9mission <strong>Belle &amp; Bum <\/strong>(T\u00e9l\u00e9-Qu\u00e9bec)<\/p>\n<hr \/>\n<p>\u00ab On aime \u00e7a, c\u2019est tellement bon, c\u2019est tellement \u00e9nergisant, c\u2019est tellement divin, \u00e7a fait du bien \u00e0 l\u2019\u00e2me! \u00bb<br \/>\n<strong><strong>\u2013<\/strong> France Castel, animatrice, <\/strong>l&rsquo;\u00e9mission <strong>Pour le plaisir <\/strong>(Radio Canada)<\/p>\n<hr \/>\n<p>\u00ab La puissance des voix et des orchestrations de ce troisi\u00e8me album r\u00e9unissant 18 chanteurs et 20 instrumentistes fait l\u2019effet d\u2019un v\u00e9ritable \u00e9lectrochoc. On est souffl\u00e9 par la solidit\u00e9 des interpr\u00e9tations et par l\u2019impeccable diction des choristes. \u00bb<br \/>\n<strong><strong>\u2013<\/strong> Fl\u00e8che &#8211; le Magazine des Laurentides<\/strong><\/p>\n<hr \/>\n<p>\u00ab Lorsque des voix aux timbres exceptionnels se rassemblent et sont mues par une passion qui prend sa source dans les fondements du c\u0153ur et de l\u2019\u00e2me, vous assistez alors, sans aucun doute possible, \u00e0 un concert de Jireh Gospel Choir ; mon coup de c\u0153ur du Festival Classica 2013. \u00bb<br \/>\n<strong><strong>\u2013\u00a0<\/strong>Marc Boucher, directeur artisque du Festival Classica<\/strong><\/p>\n<hr \/>\n<p>\u00ab Quel spectacle dynamique ? Un band et de belles et beaux chanteurs qui swingent ! &#8230; \u00c0 voir et entendre absolument. &#8230; Continuez et en esp\u00e9rant que nous travaillerons encore ensemble dans un proche avenir. \u00bb<br \/>\n<strong><strong>\u2013<\/strong> Pierre Quintin, co\u2013fondateur et responsable de la programmation, Festival Jazz Etcetera de L\u00e9vis<\/strong><\/p>\n<hr \/>\n<p>\u00ab La soir\u00e9e de remise des prix a rassembl\u00e9 plus de 1500 personnes \u00e0 la <em>Place des Arts<\/em> et Jireh Gospel Choir a grandement particip\u00e9 \u00e0 son succ\u00e8s et s\u2019est montr\u00e9 \u00e0 la hauteur en livrant une performance \u00e9patante et en faisant preuve de professionnalisme.\u00a0 Nous avons \u00e9t\u00e9 tr\u00e8s satisfait, autant de la performance que de la relation de travail que nous avons \u00e9tabli avec Jireh Gospel Choir avant et pendant le <em>Gala Cr\u00e9a<\/em> &#8230;. C\u2019est pourquoi nous recommandons fortement ses services et que nous sommes convaincus qu\u2019il s\u2019agit d\u2019un atout lors de tout \u00e9v\u00e9nement ou activit\u00e9. \u00bb<br \/>\n<strong><strong>\u2013<\/strong>\u00a0Marie-Elaine Boudreau, Responsable des \u00c9v\u00e9nements, INFOPRESSE<\/strong><\/p>\n<hr \/>\n<p>\u00ab Je suis enseignante au d\u00e9partement de musique du Campus Notre-Dame-de-Foy, un coll\u00e8ge priv\u00e9 (niveau CEGEP) dans la r\u00e9gion de Qu\u00e9bec. .. J\u2019ai eu la chance de voyager dans ma voiture cet \u00e9t\u00e9 au moment o\u00f9 votre concert de d\u00e9cembre au Club Soda a \u00e9t\u00e9 diffus\u00e9 sur CBC. Wow! Quel r\u00e9gal pour mes oreilles et mon esprit. Le phrase \u00ab In that great gettin\u2019 up mornin\u2019 \u00bb est devenu mon mantra. Il m\u2019a aid\u00e9 \u00e0 traverser les premiers jours des r\u00e9unions<br \/>\n\u00e0 l\u2019\u00e9cole\u2026 \u00bb<br \/>\n<strong><strong>\u2013<\/strong>\u00a0Michelle, Qu\u00e9bec<\/strong><\/p>\n<hr \/>\n<p>\u00ab Ils on fait vibrer l\u2019\u00e2me de l\u2019\u00e9glise, et touch\u00e9 le c\u0153ur du public. \u00bb<br \/>\n<strong><strong>\u2013<\/strong>\u00a0Journal Ouest-France, France<\/strong><\/p>\n<hr \/>\n<p>\u00ab \u2026 \u00a0ACCOMPAGN\u00c9 PAR L\u2019\u00c9LECTRISANT JIREH GOSPEL CHOIR, MARIO PELCHAT A OFFERT UN R\u00c9VEILLON TOUT EN MUSIQUE<br \/>\n\u2026 Les spectateurs ont eu tout un bapt\u00eame de gospel, hier soir, lorsque Mario Pelchat a c\u00e9d\u00e9 les planches au Jireh Gospel Choir. Excellente, la formation a offert une prestation qui lui a valu une ovation, fort m\u00e9rit\u00e9e, d\u00e8s sa premi\u00e8re apparition\u2026. Leur \u00e9nergie \u00e9tait contagieuse\u2026. \u00bb<br \/>\n<strong><strong>\u2013<\/strong>\u00a0Le Droit, Gatineau<\/strong><\/p>\n<hr \/>\n<p>\u00ab Vos chants et votre entrain ont su charmer les spectateurs. Votre chorale compte sur des chanteurs et des chanteuses qui ont beaucoup de talent. Je ne peux que recommander ce spectacle aux diffuseurs qui veulent offrir \u00e0 leur client\u00e8le un spectacle diff\u00e9rent et \u00e9nergisant! \u00bb<br \/>\n<strong><strong>\u2013\u00a0<\/strong>Robert Migu\u00e9, directeur du Service Culturel de Val-d\u2019Or<\/strong><\/p>\n<hr \/>\n<p>\u00ab Jireh a offert \u00e0 guichets ferm\u00e9s un concert tr\u00e8s \u00e9nergique et de tr\u00e8s grande qualit\u00e9 qui a vivifi\u00e9 et inspir\u00e9 les spectateurs pr\u00e9sents\u2026. Nous comptons les r\u00e9inviter prochainement. La musique est excellente et bien sentie. En outre, Jireh offre en prime le professionnalisme; les membres sont amicaux, ponctuels et dispos\u00e9s \u00e0 collaborer. Le talent y est, ainsi que l\u2019attitude positive. \u00bb<br \/>\n<strong><strong>\u2013<\/strong>\u00a0Jimmy Swift, directeur du Festival de Jazz de Burlington, Vermont, USA<\/strong><\/p>\n<hr \/>\n<p>LE FESTIVAL DE JAZZ CL\u00d4TURE DE FA\u00c7ON EXPLOSIVE<br \/>\n\u00ab \u2026 La p\u00e9tillante chorale montr\u00e9alaise Jireh Gospel Choir sous la tente Waterfront Gospel\u2026 rafra\u00eechissant\u2026 \u00bb<br \/>\n<strong>\u2013 The Burlington Free Press, Burlington, Vermont, USA<\/strong><\/p>\n<hr \/>\n<p>\u00ab \u2026 J\u2019avais ador\u00e9 votre concert le samedi soir au <em>Montreux Jazz Festival<\/em> et j\u2019ai \u00e9t\u00e9 tr\u00e8s heureuse de votre pr\u00e9sence [ce soir] \u00e0 Villeneuve [la ville o\u00f9 j&rsquo;habite]. Et je crois que beaucoup de Villeneuvois se souviendront de vous. Je ne les avais jamais vu participer ainsi \u00e0 un concert, que ce soit par leur pr\u00e9sence nombreuse que par leur enthousiasme. \u00bb<br \/>\n<strong>\u2013 Martine, Suisse<\/strong><\/p>\n<hr \/>\n<p>\u00ab Le volet Spectacles en plein air s\u2019est av\u00e9r\u00e9 l\u2019une des grandes r\u00e9ussites du festival gr\u00e2ce, entre autres, \u00e0 votre performance grandiose qui ne se r\u00e9sume pas uniquement \u00e0 la musique, mais aussi \u00e0 l\u2019impact visuel de la chorale et \u00e0 la fa\u00e7on de transmettre aux spectateurs l\u2019enthousiasme ressenti sur sc\u00e8ne. \u00bb<br \/>\n<strong>\u2013 Jim Galloway, directeur artistique, Festival de Jazz de Toronto<\/strong><\/p>\n<hr \/>\n<p>\u00ab Les chanceux qui ont assist\u00e9 au spectacle rendant hommage \u00e0 Mme Daisy Peterson-Sweeny [la soeur de Oscar Peterson] \u2026 se souviendront certainement de l\u2019\u00e9blouissante performance de Jireh. Ce dimanche-l\u00e0, la chorale a soulev\u00e9 la foule. Et nous avons tous un peu mieux compris la dimension galvanisante de la musique gospel\u2026 \u00bb<br \/>\n<strong>\u2013 La Voix Populaire, Montr\u00e9al<\/strong><\/p>\n<hr \/>\n<p>\u00ab \u2026 le Jireh Gospel Choir est unique. Son minist\u00e8re, en fran\u00e7ais ou en anglais, est puissant et c\u2019est sans aucune h\u00e9sitation ou r\u00e9serve que je vous le recommande. \u00bb<br \/>\n<strong>\u2013 Rev. Claude Houde, pasteur senior, \u00c9glise Nouvelle Vie, Longueuil<\/strong><\/p>\n<hr \/>\n<p>\u00ab J\u2019ai \u00e9t\u00e9 compl\u00e8tement renvers\u00e9 par votre spectacle. J\u2019ai ador\u00e9 l\u2019incroyable \u00e9nergie que d\u00e9gageait votre chorale, de m\u00eame que le choix des chansons que vous avez interpr\u00e9t\u00e9es lors de ce jour m\u00e9morable. \u00bb<br \/>\n<strong>\u2013 Pierre M\u00e9nard, directeur du Festival Maximum Blues de Carleton<\/strong><\/p>\n<hr \/>\n<p>\u00ab \u2026 Nous tenons \u00e0 vous remercier pour votre performance lors du spectacle que vous avez donn\u00e9 \u00e0 la salle J. A. Thompson de Trois-Rivi\u00e8res&#8230; L\u2019ambiance que vous avez cr\u00e9\u00e9 \u00e9tait surchauff\u00e9e, la plupart des spectateurs sont rest\u00e9 debout presque toute la dur\u00e9e du spectacle et ne pouvaient s\u2019emp\u00eacher de danser au rythme entrainant de vos chants. Nul doute que la qualit\u00e9 professionnelle combin\u00e9e \u00e0 la passion qui vous anime se ressent et communique un enthousiasme et le go\u00fbt de vivre une exp\u00e9rience unique\u2026 \u00bb<br \/>\n<strong>\u2013 Jean-Luc Proulx, Pr\u00e9sident du Bon Citoyen, Trois-Rivi\u00e8res<\/strong><\/p>\n<hr \/>\n<p>\u00ab Assister \u00e0 votre spectacle hier soir \u00e0 Woodvale fut pour moi une pure b\u00e9n\u00e9diction, car j\u2019ai vraiment eu le sentiment d\u2019en faire partie. J\u2019adore voir performer des artistes remplis de gr\u00e2ce louanger le nom de Dieu avec des voix aussi merveilleuses et soutenues par des musiciens aussi talentueux. Si je devais vous attribuer une note d\u2019un \u00e0 dix, je vous donnerais sans h\u00e9siter une note de 150. \u00bb<br \/>\n<strong>\u2013 Brian, Ottawa<\/strong><\/p>\n<hr \/>\n<p>\u00ab Quelle joie et privil\u00e8ge pour nous d\u2019avoir pu accueillir une chorale d\u2019aussi haute qualit\u00e9 \u00e0 Rockland! \u2026 une grande r\u00e9ussite! Tous ont \u00e9t\u00e9 d\u2019accord que c\u2019est un \u00e9v\u00e8nement \u00e0 r\u00e9p\u00e9ter et attendent avec anticipation leur prochaine venue. Je recommande \u00e0 tous ceux qui cherchent une chorale de haute qualit\u00e9 avec des chanteurs passionn\u00e9e pour le message qu\u2019ils chantent d\u2019inviter Jireh! \u00bb<br \/>\n<strong>\u2013 Eric Trem\u00adblay , Pas\u00adteur de l\u2019\u00c9glise Nou\u00adveau D\u00e9\u00adpart, Ro\u00adck\u00adland<\/strong><\/p>\n","protected":false},"excerpt":{"rendered":"<p>\u00ab Il est tr\u00e8s rare que je reste jusqu&rsquo;\u00e0 la fin d&rsquo;un concert, mais la qualit\u00e9 du spectacle m&rsquo;a convaincu de regarder la deuxi\u00e8me partie! \u00bb \u2013 Steven Lafortune, journaliste (TC Transcontinental), Victoriaville \u00ab\u00a0C\u00e9tait pour moi un r\u00eave de diffuser et produire un show gospel. WOW j\u2019ai \u00e9t\u00e9 exauc\u00e9 &#8230;.what a show! Jamais j\u2019aurais cru&#8230;  <a class=\"excerpt-read-more\" href=\"https:\/\/jirehgospelchoir.com\/fr\/commentaires\/\" title=\"ReadCommentaires\">Read more &raquo;<\/a><\/p>\n","protected":false},"author":4,"featured_media":0,"parent":0,"menu_order":0,"comment_status":"closed","ping_status":"closed","template":"centered-width-page.php","meta":{"_monsterinsights_skip_tracking":false,"_monsterinsights_sitenote_active":false,"_monsterinsights_sitenote_note":"","_monsterinsights_sitenote_category":0,"footnotes":""},"class_list":["post-98","page","type-page","status-publish","hentry"],"_links":{"self":[{"href":"https:\/\/jirehgospelchoir.com\/fr\/wp-json\/wp\/v2\/pages\/98","targetHints":{"allow":["GET"]}}],"collection":[{"href":"https:\/\/jirehgospelchoir.com\/fr\/wp-json\/wp\/v2\/pages"}],"about":[{"href":"https:\/\/jirehgospelchoir.com\/fr\/wp-json\/wp\/v2\/types\/page"}],"author":[{"embeddable":true,"href":"https:\/\/jirehgospelchoir.com\/fr\/wp-json\/wp\/v2\/users\/4"}],"replies":[{"embeddable":true,"href":"https:\/\/jirehgospelchoir.com\/fr\/wp-json\/wp\/v2\/comments?post=98"}],"version-history":[{"count":39,"href":"https:\/\/jirehgospelchoir.com\/fr\/wp-json\/wp\/v2\/pages\/98\/revisions"}],"predecessor-version":[{"id":3240,"href":"https:\/\/jirehgospelchoir.com\/fr\/wp-json\/wp\/v2\/pages\/98\/revisions\/3240"}],"wp:attachment":[{"href":"https:\/\/jirehgospelchoir.com\/fr\/wp-json\/wp\/v2\/media?parent=98"}],"curies":[{"name":"wp","href":"https:\/\/api.w.org\/{rel}","templated":true}]}}