{"id":290,"date":"2014-02-22T03:25:25","date_gmt":"2014-02-22T03:25:25","guid":{"rendered":"https:\/\/jirehgospelchoir.com\/?page_id=290"},"modified":"2020-01-07T07:54:17","modified_gmt":"2020-01-07T12:54:17","slug":"atelier","status":"publish","type":"page","link":"https:\/\/jirehgospelchoir.com\/fr\/atelier\/","title":{"rendered":"Atelier"},"content":{"rendered":"<h1>ATELIER SUR LA MUSIQUE GOSPEL<\/h1>\n<p>Pr\u00e9parez-vous pour une vraie exp\u00e9rience Gospel! Nous allons explorer l&rsquo;histoire de la musique noire des Etats-Unis, \u00e9tudier les caract\u00e9ristiques de la musique Gospel, \u00e9couter des exemples chant\u00e9s par des artistes Gospel du pass\u00e9 et du pr\u00e9sent et nous amuser en apprenant et pr\u00e9sentant quelques chants de ce r\u00e9pertoire si riche &#8230; entre autre la chansons tr\u00e8s connue et populaire \u00ab\u00a0O happy Day\u00a0\u00bb.<\/p>\n<h2>Si vous \u00eates int\u00e9ress\u00e9s \u00e0 organiser un atelier sur la musique gospel dans votre r\u00e9gion, n&rsquo;h\u00e9sitez pas \u00e0 <a href=\"https:\/\/jirehgospelchoir.com\/fr\/contact\/\" target=\"_blank\" rel=\"noopener noreferrer\">communiquer avec nous<\/a>.<\/h2>\n<p>\u00ab\u2009\u2026 Conf\u00e9renci\u00e8re invit\u00e9e dans le cadre de mon cours en p\u00e9dagogie musicale globale\u2026 Ce que je pr\u00e9voyais \u00eatre une pr\u00e9sentation int\u00e9ressante s\u2019est av\u00e9r\u00e9e \u00eatre une exp\u00e9rience transformatrice\u2009! En seulement 1,5 heure d\u2019introduction sur la p\u00e9dagogie pour chorale gospel, l\u2019expertise, l\u2019\u00e9nergie et le charisme de Carol ont convaincus tous les \u00e9tudiants qu\u2019ils se devaient de visiter la r\u00e9p\u00e9tition de sa chorale sur leur temps libre. Les succ\u00e8s qu\u2019elle obtient avec Jireh Gospel Choir, tout comme son portfolio d\u2019ateliers internationaux, sont absolument impressionnants.\u2009\u00bb<br \/>\n<strong>\u2013\u00a0Dre Lisa Lorenzino, Universit\u00e9 McGill, Montr\u00e9al<\/strong><\/p>\n<p>\u00ab \u2026 75 choristes se sont retrouv\u00e9s pour vivre une aventure\u2026 Apr\u00e8s trois jours plong\u00e9s dans l&rsquo;aventure gospel ils ont boucl\u00e9 en communion avec le public icaunais par le gospel et le talent de Carol Bernard qui a litt\u00e9ralement envo\u00fbt\u00e9 \u00e9l\u00e8ves et auditoire. \u00bb<br \/>\n<strong><strong>\u2013<\/strong> Journal L&rsquo;Yonne R\u00e9publicaine, France<\/strong><\/p>\n<p>\u00ab Ses comp\u00e9tences professionnelles et son grand dynamisme ont fait de cette journ\u00e9e un franc succ\u00e8s. Sa contribution a permis de beaux apprentissages. Elle a su inspirer l&rsquo;ensemble des participants en leur faisant vivre des moments inoubliables. \u00bb<br \/>\n<strong><strong>\u2013<\/strong>\u00a0Nathalie Grenier, Conseil de la Culture de l&rsquo;Abitibi-Temiscamingue, Canada<br \/>\n<\/strong><\/p>\n<p>\u00ab\u2009Carol Bernard est une femme exceptionnelle et une musicienne et professeur de gospel tr\u00e8s talentueuse. Elle est une d\u00e9fenseure passionn\u00e9e et inform\u00e9e du chant gospel et fait preuve d\u2019un leadership inspir\u00e9 pour tous ceux qui d\u00e9sirent apprendre l\u2019art du chant gospel. Les techniques cr\u00e9atives de Carol aident les chorales et leur chef de ch\u0153ur \u00e0 incorporer des touches stylistiques authentiques dans leur chant gospel. Lors d\u2019une r\u00e9cente fin de semaine musicale organis\u00e9e par Women of Note, les participants, qui comprenaient des chefs de ch\u0153ur du Manitoba, des membres de Women of Note et des gens du public, ont \u00e9t\u00e9 enchant\u00e9s par l\u2019enthousiasme, l\u2019\u00e9nergie et la personnalit\u00e9 chaleureuse de Carol. Les membres de Women of Note ont m\u00eame relev\u00e9 l\u2019atelier avec Carol comme \u00e9tant l\u2019un des points forts de leur saison musicale.\u2009\u00bb<br \/>\n<strong>\u2013\u00a0Patricia Rabson, directrice artistique et chef de ch\u0153ur<\/strong><strong>, Women of Note, Winnipeg, Canada<\/strong><\/p>\n<p>\u00ab\u2009Carol a r\u00e9ussi \u00e0 enseigner \u00e0 un groupe de 20 chanteurs d\u00e9butants des chants que nous n\u2019avions jamais entendus auparavant et \u00e0 nous les faire chanter. Elle a \u00e9galement pris le temps de r\u00e9pondre \u00e0 chacune de nos questions et \u00e0 nous donner de solides r\u00e9ponses fond\u00e9es sur sa vaste exp\u00e9rience et ses comp\u00e9tences professionnelles indiscutables. Elle a su mettre le doigt sur nos faiblesses et nous indiquer de fa\u00e7on pratique comment les surmonter afin de pouvoir mieux performer. Sa passion pour la musique et pour le Seigneur est \u00e9vidente, et m\u00eame contagieuse. Les participants n\u2019avaient que des commentaires positifs sur leur exp\u00e9rience. Que ce soit pour un atelier pour votre chorale, pour des cours de voix ou pour tout autre besoin musical, nous vous recommandons vivement les services de Carol.<br \/>\n<strong>\u2013\u00a0Ben Wagenmaker &amp; Sophie Verrette, responsables du minist\u00e8re de louange<\/strong><strong> au Carrefour chr\u00e9tien des Maskoutains, Saint-Hyacinthe, Canada<\/strong><\/p>\n<p>McGill University<\/p>\n<p>Place des Arts<\/p>\n<p>Camp Musical du Saguenay Lac St-Jean<\/p>\n<p>Feder Gospel Choirs, Milan, Italie<\/p>\n<p>Fran\u00e7ais pour l&rsquo;avenir, Toronto<\/p>\n<p>Europa Cantat &#8211; European Federation of Young Choirs, France<\/p>\n<p>F\u00e9d\u00e9voix &#8211; Federation of choirs and vocal ensembles of Yonne, France<\/p>\n<p>Polyfollia, Saint-L\u00f4, France<\/p>\n<p>Association des chefs des choeurs canadiens<\/p>\n<p>Alliance des chorales du Qu\u00e9bec<\/p>\n<p>Portsmouth Christian Academy USA<\/p>\n<p>Campbell River Children&rsquo;s Choir, <span class=\"short_text\" lang=\"fr\"><span class=\"\">\u00cele de Vancouver<\/span><\/span><\/p>\n<p>Women of Note Choir, Winnipeg, Manitoba, Canada<\/p>\n<p>Choeur des enfants de Montr\u00e9al<\/p>\n<p>Saint-J\u00e9rome, Qu\u00e9bec, Canada<\/p>\n<p>Festival Gospel de Repentigny<\/p>\n<p>Conseil de la culture de l&rsquo;Abitibi-T\u00e9miscamingue, Rouyn-Noranda<\/p>\n<p>Centre des loisirs &#8211; Ville Saint-Laurent<\/p>\n<p>Carrefour Chr\u00e9tiens des Maskoutains, Saint-Hyacinthe<\/p>\n<p>Institut Biblique du Qu\u00e9bec<\/p>\n<p>Bishop&rsquo;s College School &amp; Roxboro United Church choirs<\/p>\n<p>Chorale Gospel Messengers<\/p>\n<p>Groupe Musical Choeur et Christ<\/p>\n","protected":false},"excerpt":{"rendered":"<p>ATELIER SUR LA MUSIQUE GOSPEL Pr\u00e9parez-vous pour une vraie exp\u00e9rience Gospel! Nous allons explorer l&rsquo;histoire de la musique noire des Etats-Unis, \u00e9tudier les caract\u00e9ristiques de la musique Gospel, \u00e9couter des exemples chant\u00e9s par des artistes Gospel du pass\u00e9 et du pr\u00e9sent et nous amuser en apprenant et pr\u00e9sentant quelques chants de ce r\u00e9pertoire si riche&#8230;  <a class=\"excerpt-read-more\" href=\"https:\/\/jirehgospelchoir.com\/fr\/atelier\/\" title=\"ReadAtelier\">Read more &raquo;<\/a><\/p>\n","protected":false},"author":4,"featured_media":0,"parent":0,"menu_order":0,"comment_status":"open","ping_status":"open","template":"centered-width-page.php","meta":{"_monsterinsights_skip_tracking":false,"_monsterinsights_sitenote_active":false,"_monsterinsights_sitenote_note":"","_monsterinsights_sitenote_category":0,"footnotes":""},"class_list":["post-290","page","type-page","status-publish","hentry"],"_links":{"self":[{"href":"https:\/\/jirehgospelchoir.com\/fr\/wp-json\/wp\/v2\/pages\/290","targetHints":{"allow":["GET"]}}],"collection":[{"href":"https:\/\/jirehgospelchoir.com\/fr\/wp-json\/wp\/v2\/pages"}],"about":[{"href":"https:\/\/jirehgospelchoir.com\/fr\/wp-json\/wp\/v2\/types\/page"}],"author":[{"embeddable":true,"href":"https:\/\/jirehgospelchoir.com\/fr\/wp-json\/wp\/v2\/users\/4"}],"replies":[{"embeddable":true,"href":"https:\/\/jirehgospelchoir.com\/fr\/wp-json\/wp\/v2\/comments?post=290"}],"version-history":[{"count":25,"href":"https:\/\/jirehgospelchoir.com\/fr\/wp-json\/wp\/v2\/pages\/290\/revisions"}],"predecessor-version":[{"id":2155,"href":"https:\/\/jirehgospelchoir.com\/fr\/wp-json\/wp\/v2\/pages\/290\/revisions\/2155"}],"wp:attachment":[{"href":"https:\/\/jirehgospelchoir.com\/fr\/wp-json\/wp\/v2\/media?parent=290"}],"curies":[{"name":"wp","href":"https:\/\/api.w.org\/{rel}","templated":true}]}}