{"id":1030,"date":"2014-10-30T00:17:47","date_gmt":"2014-10-30T00:17:47","guid":{"rendered":"https:\/\/jirehgospelchoir.com\/get-up\/suivons-le-roi\/"},"modified":"2014-11-05T20:29:52","modified_gmt":"2014-11-05T20:29:52","slug":"suivons-le-roi","status":"publish","type":"page","link":"https:\/\/jirehgospelchoir.com\/fr\/getup\/suivons-le-roi\/","title":{"rendered":"6. SUIVONS LE ROI"},"content":{"rendered":"<div class=\"row\">\n<div class=\"col-md-6\">\n<p>Suivons notre roi<br \/>\nSuivons notre p\u00e8re<br \/>\nSuivons notre ami<br \/>\nCelui qui r\u00e8gne sur la terre<\/p>\n<p>Il est la lumi\u00e8re<br \/>\nIl est le chemin<br \/>\nIl est le cr\u00e9ateur<br \/>\nDe tout c\u2019qui respire sur terre<\/p>\n<p>Le tentateur est l\u00e0<br \/>\nPour s\u00e9duire et pour s\u2019enrichir<br \/>\nDes \u00e2mes perdues dans ce monde<br \/>\nMais notre Dieu est grand<br \/>\nSon amour est beaucoup plus fort<br \/>\nIl est bon<\/p>\n<p>(2x)<\/p>\n<p>Lorsque l\u2019ennemi vient nous outrager<br \/>\nPerturber nos vies<br \/>\nRappelons-nous que le Dieu que nous servons<br \/>\nEst tout puissant. L\u2019Alpha et l\u2019Omega<\/p>\n<p>Viens, viens avec moi<br \/>\nSuivons le roi<br \/>\nNotre p\u00e8re, notre ami<br \/>\nAvec la foi<br \/>\nViens avec moi<br \/>\nSuivons celui qui r\u00e8gne dans les cieux<\/p>\n<\/div>\n<div class=\"row\">\n<div class=\"col-md-6\">\n<div class=\"well\"><strong>Paroles et musique :<\/strong> David Dorm\u00e9us<br \/>\n<strong>Basse :<\/strong> Alexandre Paquette<br \/>\n<strong>Clavier :<\/strong> David Dorm\u00e9us<br \/>\n<strong>Guitare :<\/strong> Madner Mitcheal Henry<br \/>\n<strong>Percussions :<\/strong> Jackson Alism\u00e9<\/p>\n<p><button onclick=\"window.location='https:\/\/jirehgospelchoir.com\/fr\/getup\/'\"button class=\"btn btn-primary\">Retour \u00e0 Get Up<\/button>\n<\/div>\n<\/div>\n<\/div>\n<\/div>\n","protected":false},"excerpt":{"rendered":"<p>Suivons notre roi Suivons notre p\u00e8re Suivons notre ami Celui qui r\u00e8gne sur la terre Il est la lumi\u00e8re Il est le chemin Il est le cr\u00e9ateur De tout c\u2019qui respire sur terre Le tentateur est l\u00e0 Pour s\u00e9duire et pour s\u2019enrichir Des \u00e2mes perdues dans ce monde Mais notre Dieu est grand Son amour&#8230;  <a class=\"excerpt-read-more\" href=\"https:\/\/jirehgospelchoir.com\/fr\/getup\/suivons-le-roi\/\" title=\"Read6. SUIVONS LE ROI\">Read more &raquo;<\/a><\/p>\n","protected":false},"author":4,"featured_media":0,"parent":1016,"menu_order":0,"comment_status":"open","ping_status":"open","template":"centered-width-page.php","meta":{"_monsterinsights_skip_tracking":false,"_monsterinsights_sitenote_active":false,"_monsterinsights_sitenote_note":"","_monsterinsights_sitenote_category":0,"footnotes":""},"class_list":["post-1030","page","type-page","status-publish","hentry"],"_links":{"self":[{"href":"https:\/\/jirehgospelchoir.com\/fr\/wp-json\/wp\/v2\/pages\/1030","targetHints":{"allow":["GET"]}}],"collection":[{"href":"https:\/\/jirehgospelchoir.com\/fr\/wp-json\/wp\/v2\/pages"}],"about":[{"href":"https:\/\/jirehgospelchoir.com\/fr\/wp-json\/wp\/v2\/types\/page"}],"author":[{"embeddable":true,"href":"https:\/\/jirehgospelchoir.com\/fr\/wp-json\/wp\/v2\/users\/4"}],"replies":[{"embeddable":true,"href":"https:\/\/jirehgospelchoir.com\/fr\/wp-json\/wp\/v2\/comments?post=1030"}],"version-history":[{"count":9,"href":"https:\/\/jirehgospelchoir.com\/fr\/wp-json\/wp\/v2\/pages\/1030\/revisions"}],"predecessor-version":[{"id":1258,"href":"https:\/\/jirehgospelchoir.com\/fr\/wp-json\/wp\/v2\/pages\/1030\/revisions\/1258"}],"up":[{"embeddable":true,"href":"https:\/\/jirehgospelchoir.com\/fr\/wp-json\/wp\/v2\/pages\/1016"}],"wp:attachment":[{"href":"https:\/\/jirehgospelchoir.com\/fr\/wp-json\/wp\/v2\/media?parent=1030"}],"curies":[{"name":"wp","href":"https:\/\/api.w.org\/{rel}","templated":true}]}}