{"id":1026,"date":"2014-10-30T00:02:28","date_gmt":"2014-10-30T00:02:28","guid":{"rendered":"https:\/\/jirehgospelchoir.com\/get-up\/tiens-bon\/"},"modified":"2014-11-05T20:33:39","modified_gmt":"2014-11-05T20:33:39","slug":"tiens-bon","status":"publish","type":"page","link":"https:\/\/jirehgospelchoir.com\/fr\/getup\/tiens-bon\/","title":{"rendered":"2. TIENS BON"},"content":{"rendered":"<div class=\"row\">\n<div class=\"col-md-6\">\n<p>Tiens bon! Il te prendra par la main!<br \/>\nTiens bon! Sa joie revient le matin<\/p>\n<p>Non, non, jamais tout seul&#8230;<br \/>\nNon,non, jamais tout seul&#8230;<br \/>\nJ\u00e9sus-Christ ton sauveur te garde<br \/>\nTu ne seras jamais tout seul<\/p>\n<p>Malgr\u00e9 les circonstances, sa joie revient le matin<br \/>\nMalgr\u00e9 les difficult\u00e9s, sa joie revient le matin<br \/>\nAu milieu de la temp\u00eate, sa joie revient le matin<br \/>\nMalgr\u00e9 les difficulties, sa joie revient le matin<\/p>\n<\/div>\n<div class=\"row\">\n<div class=\"col-md-6\">\n<div class=\"well\"><strong>Paroles et musique :<\/strong> Guerschon Auguste<br \/>\n<strong>Soliste :<\/strong> Guerschon Auguste<br \/>\n<strong>Batterie :<\/strong> Ronny Desinor<br \/>\n<strong>Basse :<\/strong> Alex Paquette<br \/>\n<strong>Claviers :<\/strong> Ralph T\u00e9l\u00e9maque, Kepler Jean-Baptiste<br \/>\n<strong>Orgue B3 :<\/strong> David Fortun\u00e9<br \/>\n<strong>Guitare :<\/strong> Philippe L\u2019Allier<\/p>\n<p><button onclick=\"window.location='https:\/\/jirehgospelchoir.com\/fr\/getup\/'\"button class=\"btn btn-primary\">Retour \u00e0 Get Up<\/button>\n<\/div>\n<\/div>\n<\/div>\n","protected":false},"excerpt":{"rendered":"<p>Tiens bon! Il te prendra par la main! Tiens bon! Sa joie revient le matin Non, non, jamais tout seul&#8230; Non,non, jamais tout seul&#8230; J\u00e9sus-Christ ton sauveur te garde Tu ne seras jamais tout seul Malgr\u00e9 les circonstances, sa joie revient le matin Malgr\u00e9 les difficult\u00e9s, sa joie revient le matin Au milieu de la&#8230;  <a class=\"excerpt-read-more\" href=\"https:\/\/jirehgospelchoir.com\/fr\/getup\/tiens-bon\/\" title=\"Read2. TIENS BON\">Read more &raquo;<\/a><\/p>\n","protected":false},"author":4,"featured_media":0,"parent":1016,"menu_order":0,"comment_status":"open","ping_status":"open","template":"centered-width-page.php","meta":{"_monsterinsights_skip_tracking":false,"_monsterinsights_sitenote_active":false,"_monsterinsights_sitenote_note":"","_monsterinsights_sitenote_category":0,"footnotes":""},"class_list":["post-1026","page","type-page","status-publish","hentry"],"_links":{"self":[{"href":"https:\/\/jirehgospelchoir.com\/fr\/wp-json\/wp\/v2\/pages\/1026","targetHints":{"allow":["GET"]}}],"collection":[{"href":"https:\/\/jirehgospelchoir.com\/fr\/wp-json\/wp\/v2\/pages"}],"about":[{"href":"https:\/\/jirehgospelchoir.com\/fr\/wp-json\/wp\/v2\/types\/page"}],"author":[{"embeddable":true,"href":"https:\/\/jirehgospelchoir.com\/fr\/wp-json\/wp\/v2\/users\/4"}],"replies":[{"embeddable":true,"href":"https:\/\/jirehgospelchoir.com\/fr\/wp-json\/wp\/v2\/comments?post=1026"}],"version-history":[{"count":7,"href":"https:\/\/jirehgospelchoir.com\/fr\/wp-json\/wp\/v2\/pages\/1026\/revisions"}],"predecessor-version":[{"id":1262,"href":"https:\/\/jirehgospelchoir.com\/fr\/wp-json\/wp\/v2\/pages\/1026\/revisions\/1262"}],"up":[{"embeddable":true,"href":"https:\/\/jirehgospelchoir.com\/fr\/wp-json\/wp\/v2\/pages\/1016"}],"wp:attachment":[{"href":"https:\/\/jirehgospelchoir.com\/fr\/wp-json\/wp\/v2\/media?parent=1026"}],"curies":[{"name":"wp","href":"https:\/\/api.w.org\/{rel}","templated":true}]}}