{"id":1016,"date":"2014-10-30T00:21:56","date_gmt":"2014-10-30T00:21:56","guid":{"rendered":"https:\/\/jirehgospelchoir.com\/get-up-3\/"},"modified":"2017-09-02T16:46:37","modified_gmt":"2017-09-02T16:46:37","slug":"getup","status":"publish","type":"page","link":"https:\/\/jirehgospelchoir.com\/fr\/getup\/","title":{"rendered":"Get up"},"content":{"rendered":"<div class=\"row\">\n<div class=\"col-md-6\">\n<p><iframe loading=\"lazy\" src=\"\/\/www.youtube.com\/embed\/6dhgWkx6T7c?rel=0\" width=\"560\" height=\"315\" frameborder=\"0\" allowfullscreen=\"allowfullscreen\"><\/iframe><\/p>\n<p><a class=\"btn btn-primary\" href=\"https:\/\/itunes.apple.com\/ca\/album\/get-up\/id1274858105\" target=\"_blank\" rel=\"noopener noreferrer\"> ACHETER L&rsquo;ALBUM<\/a><\/p>\n<h3 style=\"text-align: left;\">Paroles &amp; cr\u00e9dits<\/h3>\n<p>1. <a href=\"https:\/\/jirehgospelchoir.com\/fr\/getup\/epic-praise\/\">EPIC PRAISE<\/a><\/p>\n<p>2. <a href=\"https:\/\/jirehgospelchoir.com\/fr\/getup\/tiens-bon\/\">TIENS BON<\/a><\/p>\n<p>3. <a href=\"https:\/\/jirehgospelchoir.com\/fr\/getup\/i-lift-up-my-hands-to-you\/\">I LIFT UP MY HANDS TO YOU<\/a><\/p>\n<p>4. <a href=\"https:\/\/jirehgospelchoir.com\/fr\/getup\/nwgtup\/\">GET UP<\/a><\/p>\n<p>5. <a href=\"https:\/\/jirehgospelchoir.com\/fr\/real-love\/\">REAL LOVE<\/a><\/p>\n<p>6. <a href=\"https:\/\/jirehgospelchoir.com\/fr\/getup\/suivons-le-roi\/\">SUIVONS LE ROI<\/a><\/p>\n<p>7. <a href=\"https:\/\/jirehgospelchoir.com\/fr\/getup\/worthy\/\">WORTHY<\/a><\/p>\n<p>8. <a href=\"https:\/\/jirehgospelchoir.com\/fr\/getup\/lets-march-with-faith\/\">LET\u2019S MARCH WITH FAITH<\/a><\/p>\n<p>9. <a href=\"https:\/\/jirehgospelchoir.com\/fr\/getup\/ride-on-king-jesus\/\">RIDE ON KING JESUS<\/a><\/p>\n<p>10. <a href=\"https:\/\/jirehgospelchoir.com\/fr\/getup\/amazing-grace\/\">AMAZING GRACE (YOU\u2019RE AMAZING)<\/a><\/p>\n<p>11. <a href=\"https:\/\/jirehgospelchoir.com\/fr\/getup\/dont-be-sad\/\">DON\u2019T BE SAD<\/a><\/p>\n<p>12. <a href=\"https:\/\/jirehgospelchoir.com\/fr\/getup\/we-got-you\/\">WE GOT YOU<\/a><\/p>\n<p>13. <a href=\"https:\/\/jirehgospelchoir.com\/fr\/getup\/merci\/\">MERCI<\/a><\/p>\n<\/div>\n<div class=\"col-md-6\">\n<h3 style=\"text-align: left;\">Remerciements de&#8230;<\/h3>\n<p>&nbsp;<\/p>\n<div><a href=\" https:\/\/jirehgospelchoir.com\/fr\/thank-you-carol-bernard\/\"><img loading=\"lazy\" decoding=\"async\" class=\"alignnone wp-image-793 size-thumbnail\" src=\"https:\/\/jirehgospelchoir.com\/wp-content\/uploads\/2014\/10\/Jireh_1110-150x150.jpg\" alt=\"Jireh_1110\" width=\"150\" height=\"150\" srcset=\"https:\/\/jirehgospelchoir.com\/wp-content\/uploads\/2014\/10\/Jireh_1110-150x150.jpg 150w, https:\/\/jirehgospelchoir.com\/wp-content\/uploads\/2014\/10\/Jireh_1110-400x400.jpg 400w\" sizes=\"auto, (max-width: 150px) 100vw, 150px\" \/><\/a><a href=\"https:\/\/jirehgospelchoir.com\/fr\/thank-you-carol-bernard\/\">Carol Bernard<\/a><\/div>\n<div><\/div>\n<div>Thanks to all of you who have loved, supported and prayed for me and for Jireh Gospel Choir since 1996. Don\u2019t stop. We need you. I hope you love this new music&#8230;<br \/>\n<a href=\"https:\/\/jirehgospelchoir.com\/fr\/thank-you-carol-bernard\/\">Lire la suite<\/a><\/div>\n<p>&nbsp;<\/p>\n<div style=\"clear: both;\"><\/div>\n<div><a href=\"https:\/\/jirehgospelchoir.com\/fr\/thank-you-alexandre-paquette\/ \"><img loading=\"lazy\" decoding=\"async\" class=\"alignnone wp-image-911 size-thumbnail\" src=\"https:\/\/jirehgospelchoir.com\/wp-content\/uploads\/2014\/10\/alex-150x150.jpg\" alt=\"alex\" width=\"150\" height=\"150\" srcset=\"https:\/\/jirehgospelchoir.com\/wp-content\/uploads\/2014\/10\/alex-150x150.jpg 150w, https:\/\/jirehgospelchoir.com\/wp-content\/uploads\/2014\/10\/alex-400x400.jpg 400w\" sizes=\"auto, (max-width: 150px) 100vw, 150px\" \/><\/a> <a href=\"https:\/\/jirehgospelchoir.com\/fr\/thank-you-alexandre-paquette\/\">Alexandre Paquette<\/a><\/div>\n<div>Let me start by expressing gratitude to the Almighty for allowing me to do what I love for His glory.\u00a0 Without Jesus, this album is meaningless.\u00a0To my beautiful &#8230;<br \/>\n<a href=\"https:\/\/jirehgospelchoir.com\/fr\/thank-you-alexandre-paquette\/\">Lire la suite<\/a><\/div>\n<div><\/div>\n<div style=\"clear: both;\"><\/div>\n<div>\n<h3 style=\"text-align: center;\"><\/h3>\n<p>&nbsp;<\/p>\n<h3>Cr\u00e9dits<\/h3>\n<p><strong>\u00c9QUIPE TECHNIQUE<\/strong><\/p>\n<p>Producteur:\u00a0Alexandre Paquette pour Studio Lexa<br \/>\nAssistants producteurs: Carol Bernard, Rex Verzosa<br \/>\nIng\u00e9nieurs: Tim Gowdy, Alexandre Paquette<br \/>\nMixage:\u00a0Tim Gowdy<br \/>\nMasterisation:\u00a0Reuben Ghose pour Mojito Mastering<br \/>\nProductrice ex\u00e9cutive &amp; directrice artistique: Carol Bernard<br \/>\nAdjointe de la directrice:\u00a0Gabrielle Bernardin<br \/>\nGraphiste: Rex Verzosa<br \/>\nPhotographe: TIMCHIN PHOTOGRAPHY + DESIGN<\/p>\n<p><strong>STUDIOS D&rsquo;ENREGISTREMENT<\/strong><\/p>\n<p>&#8211; La plupart des instruments ont \u00e9t\u00e9 enregistr\u00e9s au\u00a0Studio Lexa.<br \/>\n&#8211; La plupart des solos et l&rsquo;ensemble vocal sur 10 chansons ont \u00e9t\u00e9 enregistr\u00e9s au Studio 270.<br \/>\n&#8211; L&rsquo;ensemble vocal sur \u00ab\u00a0Don\u2019t Be Sad\u00a0\u00bb, \u00ab\u00a0Ride on King Jesus\u00a0\u00bb, et \u00ab\u00a0Merci\u00a0\u00bb a \u00e9t\u00e9 enregistr\u00e9 au Studio MMR de l&rsquo;Universit\u00e9 McGill.<\/p>\n<div class=\"row\">\n<div class=\"col-md-6\">\n<p><strong>CHANTEURS<\/strong><\/p>\n<p>Ana Joseph<br \/>\nAngie T\u00e9l\u00e9maque<br \/>\nCarol Bernard<br \/>\nCarolyn Carter<br \/>\nChristelle Morteau<br \/>\nGrace Edeh<br \/>\nGuerschon Auguste<br \/>\nJoyce Amanda Ebanda<br \/>\nJunie-Aim\u00e9e Cyprien<br \/>\nLindsay Huldah Dumont<br \/>\nLuc Senat<br \/>\nMaddana Calix-Antoine<br \/>\nMatthew Dixon<br \/>\nNaomie Alphonse<br \/>\nNicolette Priscilla Findlay<br \/>\nPi\u00e8juana Pierre<br \/>\nRex Verzosa<br \/>\nTed Dettweiler<\/p>\n<\/div>\n<div class=\"col-md-6\">\n<p><strong><strong>MUSICIENS<\/strong><\/strong><\/p>\n<p>Batterie: Ronny D\u00e9sinor, Frantz-Lee L\u00e9onard<br \/>\nBasse: Alex Paquette, David Fran\u00e7ois<br \/>\nGuitare: Hubert Tremblay, Philippe L\u2019Allier, Madner Mitcheal Henry<br \/>\nClavier: Ralph T\u00e9l\u00e9maque, Kepler Jean-Baptiste, David Dorm\u00e9us, Alain-Pierre Eloi<br \/>\nOrgue B3: David Fortun\u00e9, Kepler Jean-Baptiste<br \/>\nViolons: Chantal Laurin, Pascale Gratton<br \/>\nViolon alto: Genevi\u00e8ve Overy<br \/>\nVioloncelle: Caroline Richard<br \/>\nTrompette: Hichem Khalfa<br \/>\nSaxophone: Alexandre Dion<br \/>\nTrombone: Matthieu Van Vliet<br \/>\nPercussions: Jackson Alism\u00e9<\/p>\n<\/div>\n<div class=\"col-md-6\"><strong>Album subventionn\u00e9 par:<\/strong><a href=\"https:\/\/jirehgospelchoir.com\/wp-content\/uploads\/2014\/10\/FACTOR_Logo.png\"><img loading=\"lazy\" decoding=\"async\" class=\"alignright size-medium wp-image-1086\" src=\"https:\/\/jirehgospelchoir.com\/wp-content\/uploads\/2014\/10\/FACTOR_Logo-300x81.png\" alt=\"FACTOR_Logo\" width=\"166\" height=\"40\" \/><\/a><br \/>\n<a href=\"https:\/\/jirehgospelchoir.com\/wp-content\/uploads\/2014\/10\/CanadaWordmark.png\"><img loading=\"lazy\" decoding=\"async\" class=\"alignright size-full wp-image-1088\" src=\"https:\/\/jirehgospelchoir.com\/wp-content\/uploads\/2014\/10\/CanadaWordmark.png\" alt=\"CanadaWordmark\" width=\"166\" height=\"40\" \/><\/a><\/div>\n<div class=\"col-md-6\"><strong>Distribu\u00e9 par:<\/strong><br \/>\n<a href=\"https:\/\/jirehgospelchoir.com\/wp-content\/uploads\/2014\/10\/download1.jpeg\"><img loading=\"lazy\" decoding=\"async\" class=\"alignright size-medium wp-image-1089\" src=\"https:\/\/jirehgospelchoir.com\/wp-content\/uploads\/2014\/10\/download1-300x151.jpeg\" alt=\"download\" width=\"166\" height=\"40\" \/><\/a><br \/>\n<a href=\"https:\/\/jirehgospelchoir.com\/wp-content\/uploads\/2014\/10\/DCC_Canada_logo_tag.bmp\"><img loading=\"lazy\" decoding=\"async\" class=\"alignright size-full wp-image-1214\" src=\"https:\/\/jirehgospelchoir.com\/wp-content\/uploads\/2014\/10\/DCC_Canada_logo_tag.bmp\" alt=\"DCC_Canada_logo_tag\" width=\"166\" height=\"40\" srcset=\"https:\/\/jirehgospelchoir.com\/wp-content\/uploads\/2014\/10\/DCC_Canada_logo_tag.bmp 1913w, https:\/\/jirehgospelchoir.com\/wp-content\/uploads\/2014\/10\/DCC_Canada_logo_tag-300x70.bmp 300w, https:\/\/jirehgospelchoir.com\/wp-content\/uploads\/2014\/10\/DCC_Canada_logo_tag-1024x240.bmp 1024w\" sizes=\"auto, (max-width: 166px) 100vw, 166px\" \/><\/a><br \/>\n<a href=\"https:\/\/jirehgospelchoir.com\/wp-content\/uploads\/2014\/10\/DEP_logo_07-CYMKhirez-logo-noir-avec-fond-blanc.jpg\"><img loading=\"lazy\" decoding=\"async\" class=\"alignright size-medium wp-image-1087\" src=\"https:\/\/jirehgospelchoir.com\/wp-content\/uploads\/2014\/10\/DEP_logo_07-CYMKhirez-logo-noir-avec-fond-blanc-300x100.jpg\" alt=\"DEP_logo_07-CYMKhirez (logo noir avec fond blanc)\" width=\"166\" height=\"40\" \/><\/a><\/div>\n<\/div>\n<\/div>\n<p>&nbsp;<\/p>\n<\/div>\n<\/div>\n","protected":false},"excerpt":{"rendered":"<p>ACHETER L&rsquo;ALBUM Paroles &amp; cr\u00e9dits 1. EPIC PRAISE 2. TIENS BON 3. I LIFT UP MY HANDS TO YOU 4. GET UP 5. REAL LOVE 6. SUIVONS LE ROI 7. WORTHY 8. LET\u2019S MARCH WITH FAITH 9. RIDE ON KING JESUS 10. AMAZING GRACE (YOU\u2019RE AMAZING) 11. DON\u2019T BE SAD 12. WE GOT YOU 13&#8230;.  <a class=\"excerpt-read-more\" href=\"https:\/\/jirehgospelchoir.com\/fr\/getup\/\" title=\"ReadGet up\">Read more &raquo;<\/a><\/p>\n","protected":false},"author":4,"featured_media":0,"parent":0,"menu_order":0,"comment_status":"open","ping_status":"open","template":"full-width-page.php","meta":{"_monsterinsights_skip_tracking":false,"_monsterinsights_sitenote_active":false,"_monsterinsights_sitenote_note":"","_monsterinsights_sitenote_category":0,"footnotes":""},"class_list":["post-1016","page","type-page","status-publish","hentry"],"_links":{"self":[{"href":"https:\/\/jirehgospelchoir.com\/fr\/wp-json\/wp\/v2\/pages\/1016","targetHints":{"allow":["GET"]}}],"collection":[{"href":"https:\/\/jirehgospelchoir.com\/fr\/wp-json\/wp\/v2\/pages"}],"about":[{"href":"https:\/\/jirehgospelchoir.com\/fr\/wp-json\/wp\/v2\/types\/page"}],"author":[{"embeddable":true,"href":"https:\/\/jirehgospelchoir.com\/fr\/wp-json\/wp\/v2\/users\/4"}],"replies":[{"embeddable":true,"href":"https:\/\/jirehgospelchoir.com\/fr\/wp-json\/wp\/v2\/comments?post=1016"}],"version-history":[{"count":42,"href":"https:\/\/jirehgospelchoir.com\/fr\/wp-json\/wp\/v2\/pages\/1016\/revisions"}],"predecessor-version":[{"id":1817,"href":"https:\/\/jirehgospelchoir.com\/fr\/wp-json\/wp\/v2\/pages\/1016\/revisions\/1817"}],"wp:attachment":[{"href":"https:\/\/jirehgospelchoir.com\/fr\/wp-json\/wp\/v2\/media?parent=1016"}],"curies":[{"name":"wp","href":"https:\/\/api.w.org\/{rel}","templated":true}]}}