{"id":205,"date":"2014-02-14T20:04:29","date_gmt":"2014-02-14T20:04:29","guid":{"rendered":"https:\/\/jirehgospelchoir.com\/?page_id=205"},"modified":"2026-03-12T14:26:39","modified_gmt":"2026-03-12T19:26:39","slug":"biography","status":"publish","type":"page","link":"https:\/\/jirehgospelchoir.com\/en\/biography\/","title":{"rendered":"Biography"},"content":{"rendered":"<div class=\"row\">\n<div class=\"col-12 col-sm-6 col-md-8 jireh_bio\">\n<h2 style=\"text-align: left;\">JIREH GOSPEL CHOIR<\/h2>\n<h3 style=\"text-align: left;\">Winner of the GOSPEL ALBUM\u00a0OF THE YEAR <small>(Gospel Music Association Canada)<\/small><\/h3>\n<p style=\"text-align: left;\">JIREH Gospel Choir, based in Montreal and directed by Carol Bernard, has carved out quite a name for itself in the music industry in Canada and Europe. Composed of about fifteen singers plus musicians, JIREH members have travelled throughout the province of Quebec, to the rest of Canada, to the United States, and all the way to France and Italy to share their love for gospel music and spread its contagious energy. Whether performing outdoors or in an intimate setting, the choir delivers a powerful punch that leaves no one unmoved. From timeless classics to original compositions, JIREH perfectly combines traditional and contemporary gospel sounds.<\/p>\n<p style=\"text-align: center;\">Recent Highlights:<\/p>\n<p style=\"text-align: center;\"><em><strong>NFB documentary <\/strong>&#8220;JIREH GOSPEL, Hearts in chorus&#8221; 2025<br \/>\n<strong><br \/>\nMontreal International Jazz Festival<\/strong> 2022\u00a0 <\/em><em>(headliner, main outdoor stage, prime time)<\/em><\/p>\n<p style=\"text-align: center;\"><em><strong>Montreal Symphony Orchestra<\/strong> &#8211; Christmas concert broadcast on ICI Radio-Canada T\u00e9l\u00e9<br \/>\n<\/em><\/p>\n<p style=\"text-align: center;\"><em><strong>Bobby McFerrin<\/strong> &#8211; Montreal Jazz Festival <\/em>closing concert<em><br \/>\n<\/em><\/p>\n<p style=\"text-align: center;\"><strong><em>Bell Centre<\/em><\/strong> &#8211; <span id=\"result_box\" class=\"\" lang=\"fr\"><span class=\"\">opening (45 minutes) for 20 time Grammy Award winner <em>Kirk Franklin<\/em><\/span><\/span><\/p>\n<img loading=\"lazy\" decoding=\"async\" class=\"aligncenter size-full wp-image-198\" src=\"https:\/\/jirehgospelchoir.com\/wp-content\/uploads\/2014\/02\/about1.jpg\" alt=\"about\" width=\"970\" height=\"267\" srcset=\"https:\/\/jirehgospelchoir.com\/wp-content\/uploads\/2014\/02\/about1.jpg 970w, https:\/\/jirehgospelchoir.com\/wp-content\/uploads\/2014\/02\/about1-300x82.jpg 300w\" sizes=\"auto, (max-width: 970px) 100vw, 970px\" \/>\n<p style=\"text-align: left;\"><span class=\"comment-text \" style=\"text-align: left;\">A testament to the choir\u2019s dedication and unique brand of gospel music, JIREH Gospel Choir won the prestigious <strong><em>Gospel Album of the Year<\/em><\/strong> award in 2015 from the Gospel Music Association of Canada for their album &#8220;Get Up&#8221;. In 2012, the group won <em>Gospel Song of the Year<\/em> for their song \u201cQuoi qu\u2019il arrive\u201d. <\/span><\/p>\n<p style=\"text-align: left;\">Dedicated to delivering authentic yet creative music, JIREH\u2019s singers and artists push the musical boundaries of gospel by infusing their sound with their unique brand of joyful and reflective music all the while respecting the heart and soul, and traditions, of the music they love.<\/p>\n<p style=\"text-align: left;\">JIREH Gospel Choir\u2019s foot-stomping beats will transform even bystanders into active participants while the music\u2019s uplifting message will raise your spirit for days to come!<\/p>\n<div class=\"row\">\n<div class=\"col-md-6\" style=\"text-align: left;\">\n<h4>Concert highlights include:<\/h4>\n<p>Bell Centre<br \/>\nMontreal International Jazz Festival<br \/>\nMontreal Symphony Orchestra<br \/>\nToronto Jazz Festival<br \/>\nDiscover Jazz Festival, USA<br \/>\nMontreux Jazz Festival, Switzerland<br \/>\nCirque du Soleil<br \/>\nTh\u00e9\u00e2tre T\u00e9l\u00e9bec, Val d&#8217;Or<br \/>\nSalle Desjardins-Telus, Rimouski<br \/>\nFestival Jazz et Blues de Saguenay<br \/>\nTremblant International Blues Festival<br \/>\n8-concert Quebec tour with Mario Pelchat<\/p>\n<\/div>\n<div class=\"col-md-6\">\n<h4 style=\"text-align: left;\">TV and Radio appearances include:<\/h4>\n<p style=\"text-align: left;\">Radio-Canada &#8211; <em>Tout peut arriver<\/em><br \/>\nT\u00e9l\u00e9-Qu\u00e9bec &#8211; <em>Belle &amp; Bum<\/em><br \/>\nICI Radio-Canada T\u00e9l\u00e9 &#8211; <em><span class=\"aCOpRe\">Great Voices of Quebec Sing Christmas<\/span><\/em><br \/>\nRadio 98.5 FM &#8211; <em>Le Qu\u00e9bec Maintenant<\/em><br \/>\nCJAD 800 AM<br \/>\nCTV<br \/>\nCBC \/ SRC (radio)<br \/>\nCity TV &#8211; Breakfast Television<br \/>\nRadio-Canada TV \u2013 Cap sur l&#8217;\u00e9t\u00e9 <em>with Marc Hervieux<\/em><\/p>\n<\/div>\n<\/div>\n<\/div>\n<div class=\"col-6 col-md-4 carol_bio\">\n<h2 style=\"text-align: left;\">CAROL BERNARD<\/h2>\n<h3 style=\"text-align: left;\">Director<\/h3>\n<img loading=\"lazy\" decoding=\"async\" class=\"alignnone wp-image-2621 size-full\" src=\"https:\/\/jirehgospelchoir.com\/wp-content\/uploads\/2014\/02\/Carol-Drummondville-nov-2021-bw-1.jpg\" alt=\"\" width=\"170\" height=\"181\" \/>\n<p style=\"text-align: left;\">Carol Bernard has built an impressive music career as choir director, entrepreneur, singer, and producer.\u00a0 She founded Jireh Gospel Choir and Montreal Gospel Choir, was a judge for the JUNO awards, juror for FACTOR, and was also the director of the music department of a French-speaking church with more than 2,000 members. In February 2013, her contribution to Quebec society was recognized when she was named a <em>Black History Month<\/em> laureate. In addition, her workshops are received with great enthusiasm, both in Canada and in Europe.<\/p>\n<p style=\"text-align: left;\">Born in Montreal to Jamaican parents, Carol was encouraged to start classical piano lessons when she was 8 years old. Not too many years later she started directing the choir at her small church.\u00a0 However, it wouldn\u2019t be until many years later that she would leave a senior management position at CN Rail to pursue music full time. Bernard returned to university and completed a degree in music at the Universit\u00e9 de Montr\u00e9al, adding to her existing degree in mathematics and computer science from McGill University.<\/p>\n<p style=\"text-align: left;\">Carol is married to Ted Dettweiler and lives in Montreal, Canada.<\/p>\n<\/div>\n<\/div>\n","protected":false},"excerpt":{"rendered":"<p>JIREH GOSPEL CHOIR Winner of the GOSPEL ALBUM\u00a0OF THE YEAR (Gospel Music Association Canada) JIREH Gospel Choir, based in Montreal and directed by Carol Bernard, has carved out quite a name for itself in the music industry in Canada and Europe. Composed of about fifteen singers plus musicians, JIREH members have travelled throughout the province&#8230;  <a class=\"excerpt-read-more\" href=\"https:\/\/jirehgospelchoir.com\/en\/biography\/\" title=\"ReadBiography\">Read more &raquo;<\/a><\/p>\n","protected":false},"author":4,"featured_media":0,"parent":0,"menu_order":0,"comment_status":"closed","ping_status":"closed","template":"home-page.php","meta":{"_monsterinsights_skip_tracking":false,"_monsterinsights_sitenote_active":false,"_monsterinsights_sitenote_note":"","_monsterinsights_sitenote_category":0,"footnotes":""},"class_list":["post-205","page","type-page","status-publish","hentry"],"_links":{"self":[{"href":"https:\/\/jirehgospelchoir.com\/en\/wp-json\/wp\/v2\/pages\/205","targetHints":{"allow":["GET"]}}],"collection":[{"href":"https:\/\/jirehgospelchoir.com\/en\/wp-json\/wp\/v2\/pages"}],"about":[{"href":"https:\/\/jirehgospelchoir.com\/en\/wp-json\/wp\/v2\/types\/page"}],"author":[{"embeddable":true,"href":"https:\/\/jirehgospelchoir.com\/en\/wp-json\/wp\/v2\/users\/4"}],"replies":[{"embeddable":true,"href":"https:\/\/jirehgospelchoir.com\/en\/wp-json\/wp\/v2\/comments?post=205"}],"version-history":[{"count":40,"href":"https:\/\/jirehgospelchoir.com\/en\/wp-json\/wp\/v2\/pages\/205\/revisions"}],"predecessor-version":[{"id":3350,"href":"https:\/\/jirehgospelchoir.com\/en\/wp-json\/wp\/v2\/pages\/205\/revisions\/3350"}],"wp:attachment":[{"href":"https:\/\/jirehgospelchoir.com\/en\/wp-json\/wp\/v2\/media?parent=205"}],"curies":[{"name":"wp","href":"https:\/\/api.w.org\/{rel}","templated":true}]}}